{"id":686,"date":"2026-02-05T09:57:00","date_gmt":"2026-02-05T08:57:00","guid":{"rendered":"https:\/\/www.ppai.sk\/altalanos-szerzodesi-feltetelek"},"modified":"2026-02-07T15:23:22","modified_gmt":"2026-02-07T14:23:22","slug":"altalanos-szerzodesi-feltetelek","status":"publish","type":"page","link":"https:\/\/www.ppai.sk\/hu\/altalanos-szerzodesi-feltetelek","title":{"rendered":"\u00c1ltal\u00e1nos Szerz\u0151d\u00e9si Felt\u00e9telek"},"content":{"rendered":"\n<style type=\"text\/css\" data-created_by=\"avia_inline_auto\" id=\"style-css-av-mlcemiux-707d0ad62ff3a26a40049fd89340b4e8\">\n.avia-section.av-mlcemiux-707d0ad62ff3a26a40049fd89340b4e8{\nbackground-color:#e7eaee;\nbackground-image:unset;\n}\n<\/style>\n<div id='av_section_1'  class='avia-section av-mlcemiux-707d0ad62ff3a26a40049fd89340b4e8 main_color avia-section-large avia-no-border-styling  avia-builder-el-0  el_before_av_section  avia-builder-el-first  vop-gdpr-subpage avia-bg-style-scroll container_wrap fullsize'  ><div class='container av-section-cont-open' ><main  role=\"main\" itemprop=\"mainContentOfPage\"  class='template-page content  av-content-full alpha units'><div class='post-entry post-entry-type-page post-entry-686'><div class='entry-content-wrapper clearfix'>\n<div  class='flex_column av-av_one_full-e081a9775037fc705056e35f5b5f43c7 av_one_full  avia-builder-el-1  avia-builder-el-no-sibling  first flex_column_div  '     ><style type=\"text\/css\" data-created_by=\"avia_inline_auto\" id=\"style-css-av-ml97y65c-acd9aaed633d1cf371e4db957e4192b0\">\n#top .av-special-heading.av-ml97y65c-acd9aaed633d1cf371e4db957e4192b0{\npadding-bottom:10px;\n}\nbody .av-special-heading.av-ml97y65c-acd9aaed633d1cf371e4db957e4192b0 .av-special-heading-tag .heading-char{\nfont-size:25px;\n}\n.av-special-heading.av-ml97y65c-acd9aaed633d1cf371e4db957e4192b0 .av-subheading{\nfont-size:15px;\n}\n<\/style>\n<div  class='av-special-heading av-ml97y65c-acd9aaed633d1cf371e4db957e4192b0 av-special-heading-h1 blockquote modern-quote  avia-builder-el-2  avia-builder-el-no-sibling '><h1 class='av-special-heading-tag '  itemprop=\"headline\"  >\u00c1ltal\u00e1nos Szerz\u0151d\u00e9si Felt\u00e9telek<\/h1><div class=\"special-heading-border\"><div class=\"special-heading-inner-border\"><\/div><\/div><\/div><\/div>\n\n<\/div><\/div><\/main><!-- close content main element --><\/div><\/div><div id='av_section_2'  class='avia-section av-av_section-f9b8e8e42c787532c427e01671370e2c main_color avia-section-large avia-no-border-styling  avia-builder-el-3  el_after_av_section  avia-builder-el-last  avia-bg-style-scroll container_wrap fullsize'  ><div class='container av-section-cont-open' ><div class='template-page content  av-content-full alpha units'><div class='post-entry post-entry-type-page post-entry-686'><div class='entry-content-wrapper clearfix'>\n<section  class='av_textblock_section av-ml9832hc-6438da634aafa23441ad2795ce55248b '   itemscope=\"itemscope\" itemtype=\"https:\/\/schema.org\/CreativeWork\" ><div class='avia_textblock'  itemprop=\"text\" ><h3>1. Bevezet\u0151 rendelkez\u00e9sek<\/h3>\n<p>1.1 Jelen \u00e1ltal\u00e1nos szerz\u0151d\u00e9si felt\u00e9telek (a tov\u00e1bbiakban: \u201e\u00c1SZF\u201d) szab\u00e1lyozz\u00e1k a jogokat \u00e9s k\u00f6telezetts\u00e9geket a k\u00f6vetkez\u0151 t\u00e1rsas\u00e1g \u00e9s a Klient k\u00f6z\u00f6tt:<\/p>\n<p><strong>PPaI s. r. o.<\/strong><br \/>\nSz\u00e9khely: Pad\u00e1\u0148 180, 929 01 Pad\u00e1\u0148, Szlov\u00e1k K\u00f6zt\u00e1rsas\u00e1g<br \/>\nC\u00e9gjegyz\u00e9ksz\u00e1m: 52568504<br \/>\nBejegyz\u00e9s a C\u00e9gnyilv\u00e1ntart\u00e1sba: Nagyszombati Ker\u00fcleti B\u00edr\u00f3s\u00e1g, Sro szakasz, bet\u00e9tlap sz. 55886\/T<br \/>\n(a tov\u00e1bbiakban: \u201eSzolg\u00e1ltat\u00f3\u201d) <\/p>\n<p>\u00e9s \u00fcgyfelei (a tov\u00e1bbiakban: \u201eKlient\u201d) k\u00f6z\u00f6tt.<\/p>\n<p>1.2 A Szolg\u00e1ltat\u00f3 els\u0151sorban k\u00f6nyvel\u00e9si, b\u00e9rsz\u00e1mfejt\u00e9si, ad\u00f3z\u00e1si, adminisztrat\u00edv t\u00e1mogat\u00e1si \u00e9s kapcsol\u00f3d\u00f3 tev\u00e9kenys\u00e9geket ny\u00fajt a Szlov\u00e1k K\u00f6zt\u00e1rsas\u00e1g hat\u00e1lyos jogszab\u00e1lyaival \u00f6sszhangban.<\/p>\n<p>1.3 Jelen \u00c1SZF a Szolg\u00e1ltat\u00f3 \u00e9s a Klient k\u00f6z\u00f6tt l\u00e9trej\u00f6tt minden szerz\u0151d\u00e9s elv\u00e1laszthatatlan r\u00e9sz\u00e9t k\u00e9pezi, hacsak kifejezetten m\u00e1sk\u00e9nt nem \u00e1llapodnak meg.<\/p>\n<h3>2. Fogalommeghat\u00e1roz\u00e1sok<\/h3>\n<p>2.1 <strong>Szolg\u00e1ltat\u00e1sok<\/strong> \u2013 a Szolg\u00e1ltat\u00f3 \u00e1ltal ny\u00fajtott k\u00f6nyvel\u00e9si, b\u00e9rsz\u00e1mfejt\u00e9si, ad\u00f3z\u00e1si \u00e9s egy\u00e9b szakmai szolg\u00e1ltat\u00e1sok.<\/p>\n<p>2.2 <strong>Szerz\u0151d\u00e9s<\/strong> \u2013 a Szolg\u00e1ltat\u00f3 \u00e9s a Klient k\u00f6z\u00f6tt \u00edr\u00e1sban, elektronikusan vagy az aj\u00e1nlat elfogad\u00e1s\u00e1val l\u00e9trej\u00f6tt szolg\u00e1ltat\u00e1si szerz\u0151d\u00e9s.<\/p>\n<p>2.3 <strong>Dokumentumok<\/strong> \u2013 minden olyan irat, inform\u00e1ci\u00f3 \u00e9s adat, amelyet a Klient k\u00f6teles a Szolg\u00e1ltat\u00f3 rendelkez\u00e9s\u00e9re bocs\u00e1tani a szolg\u00e1ltat\u00e1sok megfelel\u0151 ny\u00fajt\u00e1s\u00e1hoz.<\/p>\n<h3>3. Szerz\u0151d\u00e9sk\u00f6t\u00e9s<\/h3>\n<p>3.1 A szerz\u0151d\u00e9ses jogviszony a szerz\u0151d\u00e9s al\u00e1\u00edr\u00e1s\u00e1val, az \u00e1raj\u00e1nlat visszaigazol\u00e1s\u00e1val vagy a Klient szolg\u00e1ltat\u00e1sokra \u00e9s jelen \u00c1SZF-re vonatkoz\u00f3 egy\u00e9b igazolhat\u00f3 hozz\u00e1j\u00e1rul\u00e1s\u00e1val j\u00f6n l\u00e9tre.<\/p>\n<p>3.2 A Szolg\u00e1ltat\u00f3 indokl\u00e1s n\u00e9lk\u00fcl jogosult megtagadni a szerz\u0151d\u00e9sk\u00f6t\u00e9st.<\/p>\n<h3>4. A szolg\u00e1ltat\u00e1sok terjedelme \u00e9s m\u00f3dja<\/h3>\n<p>4.1 A Szolg\u00e1ltat\u00f3 els\u0151sorban az al\u00e1bbi szolg\u00e1ltat\u00e1sokat ny\u00fajtja:<\/p>\n<ul>\n<li>egyszeres k\u00f6nyvvitel vezet\u00e9se,<\/li>\n<li>kett\u0151s k\u00f6nyvvitel vezet\u00e9se,<\/li>\n<li>b\u00e9rsz\u00e1mfejt\u00e9s \u00e9s kapcsol\u00f3d\u00f3 szem\u00e9lyzeti adminisztr\u00e1ci\u00f3,<\/li>\n<li>\u00e1ltal\u00e1nos forgalmi ad\u00f3 (\u00c1FA) feldolgoz\u00e1sa (havonta vagy negyed\u00e9vente),<\/li>\n<li>\u00f6sszes\u00edt\u0151 \u00e9s ellen\u0151rz\u0151 kimutat\u00e1sok feldolgoz\u00e1sa,<\/li>\n<li>kimutat\u00e1sok feldolgoz\u00e1sa az eg\u00e9szs\u00e9gbiztos\u00edt\u00f3 p\u00e9nzt\u00e1rak \u00e9s a Szoci\u00e1lis Biztos\u00edt\u00f3 fel\u00e9,<\/li>\n<li>mag\u00e1nszem\u00e9lyek j\u00f6vedelemad\u00f3-bevall\u00e1s\u00e1nak feldolgoz\u00e1sa,<\/li>\n<li>jogi szem\u00e9lyek j\u00f6vedelemad\u00f3-bevall\u00e1s\u00e1nak feldolgoz\u00e1sa,<\/li>\n<li>elektronikus kommunik\u00e1ci\u00f3 a k\u00f6zigazgat\u00e1si szervekkel a meg\u00e1llapodott szolg\u00e1ltat\u00e1sok keret\u00e9ben.<\/li>\n<\/ul>\n<p>4.2 A Szolg\u00e1ltat\u00f3 *k\u00f6nyvel\u00e9si tan\u00e1csad\u00e1st* ny\u00fajt, amely els\u0151sorban a k\u00f6nyvel\u00e9si elj\u00e1r\u00e1sok magyar\u00e1zat\u00e1b\u00f3l, a k\u00f6nyvel\u00e9si m\u0171veletek hat\u00e1sainak bemutat\u00e1s\u00e1b\u00f3l \u00e9s m\u00f3dszertani t\u00e1mogat\u00e1s ny\u00fajt\u00e1s\u00e1b\u00f3l \u00e1ll a k\u00f6nyvel\u00e9s feldolgoz\u00e1sa sor\u00e1n.<\/p>\n<p>4.3 A Szolg\u00e1ltat\u00f3 a szolg\u00e1ltat\u00e1sokat szak\u00e9rtelemmel, a hat\u00e1lyos jogszab\u00e1lyokkal \u00e9s a szok\u00e1sos k\u00f6nyvel\u00e9si gyakorlattal \u00f6sszhangban ny\u00fajtja.<\/p>\n<h3>5. A Klient k\u00f6telezetts\u00e9gei<\/h3>\n<p>5.1 A Klient k\u00f6teles a Szolg\u00e1ltat\u00f3 rendelkez\u00e9s\u00e9re bocs\u00e1tani *teljes, val\u00f3s \u00e9s t\u00e1rgyilag helyes dokumentumokat, m\u00e9gpedig **id\u0151ben*, annak \u00e9rdek\u00e9ben, hogy a szolg\u00e1ltat\u00e1sokat megfelel\u0151en \u00e9s jogszer\u0171en lehessen ny\u00fajtani.<\/p>\n<p>5.2 A Klient felel\u0151s minden \u00e1tadott dokumentum, inform\u00e1ci\u00f3 \u00e9s nyilatkozat tartalm\u00e1\u00e9rt, helyess\u00e9g\u00e9\u00e9rt, teljess\u00e9g\u00e9\u00e9rt \u00e9s val\u00f3s\u00e1g\u00e1\u00e9rt.<\/p>\n<p>5.3 A Szolg\u00e1ltat\u00f3 nem felel a hi\u00e1nyos, k\u00e9sedelmesen vagy helytelen\u00fcl \u00e1tadott dokumentumokb\u00f3l ered\u0151 k\u00f6vetkezm\u00e9nyek\u00e9rt.<\/p>\n<h3>6. A szolg\u00e1ltat\u00e1sok \u00e1ra \u00e9s fizet\u00e9si felt\u00e9telek<\/h3>\n<p>6.1 A szolg\u00e1ltat\u00e1sok \u00e1ra meg\u00e1llapod\u00e1s, \u00e1rlista vagy egyedi aj\u00e1nlat alapj\u00e1n ker\u00fcl meghat\u00e1roz\u00e1sra.<\/p>\n<p>6.2 Amennyiben a Klient k\u00e9sedelembe esik a sz\u00e1ml\u00e1k kiegyenl\u00edt\u00e9s\u00e9vel, a Szolg\u00e1ltat\u00f3 jogosult k\u00e9sedelmi kamatot felsz\u00e1m\u00edtani a vonatkoz\u00f3 jogszab\u00e1lyokkal \u00f6sszhangban.<\/p>\n<p>6.3 Amennyiben a Klientnek *h\u00e1rom (3) esed\u00e9kess\u00e9gi id\u0151n t\u00fali, ki nem fizetett sz\u00e1ml\u00e1ja van, a Szolg\u00e1ltat\u00f3 jogosult **felf\u00fcggeszteni az \u00f6sszes szolg\u00e1ltat\u00e1s ny\u00fajt\u00e1s\u00e1t* a Klient valamennyi k\u00f6telezetts\u00e9g\u00e9nek teljes k\u00f6r\u0171 kiegyenl\u00edt\u00e9s\u00e9ig.<\/p>\n<p>6.4 A szolg\u00e1ltat\u00e1sok felf\u00fcggeszt\u00e9se alatt a Szolg\u00e1ltat\u00f3 nem felel a kimutat\u00e1sok, bevall\u00e1sok vagy egy\u00e9b beadv\u00e1nyok be nem ny\u00fajt\u00e1s\u00e1\u00e9rt, sem az ezzel j\u00e1r\u00f3 k\u00f6vetkezm\u00e9nyek\u00e9rt; ezeket teljes m\u00e9rt\u00e9kben a Klient viseli.<\/p>\n<h3>7. Felel\u0151ss\u00e9g \u00e9s felel\u0151ss\u00e9gkorl\u00e1toz\u00e1s<\/h3>\n<p>7.1 A Szolg\u00e1ltat\u00f3 nem felel a k\u00f6zigazgat\u00e1si szervek \u00e1ltal kiszabott b\u00edrs\u00e1gok\u00e9rt, p\u00f3td\u00edjak\u00e9rt, szankci\u00f3k\u00e9rt vagy egy\u00e9b negat\u00edv k\u00f6vetkezm\u00e9nyek\u00e9rt, amennyiben ezek az al\u00e1bbiakb\u00f3l erednek:<\/p>\n<ul>\n<li>a Klient r\u00e9sz\u00e9r\u0151l t\u00f6rt\u00e9n\u0151 k\u00e9sedelmes vagy hi\u00e1nyos dokumentum\u00e1tad\u00e1sb\u00f3l,<\/li>\n<li>a Klient \u00e1ltal szolg\u00e1ltatott helytelen vagy val\u00f3tlan adatokb\u00f3l,<\/li>\n<li>a Klient ad\u00f3-, j\u00e1rul\u00e9k- vagy egy\u00e9b k\u00f6telezetts\u00e9geinek nem teljes\u00edt\u00e9s\u00e9b\u0151l,<\/li>\n<li>a szolg\u00e1ltat\u00e1sok jelen \u00c1SZF szerinti felf\u00fcggeszt\u00e9s\u00e9b\u0151l.<\/li>\n<\/ul>\n<p>7.2 A Szolg\u00e1ltat\u00f3 a vonatkoz\u00f3 jogszab\u00e1lyokkal \u00f6sszhangban teljes m\u00e9rt\u00e9kben felel az \u00e1ltala bizony\u00edthat\u00f3an megszegett k\u00f6telezetts\u00e9geib\u0151l ered\u0151 k\u00e1rok\u00e9rt.<\/p>\n<h3>8. Titoktart\u00e1s \u00e9s adatv\u00e9delem<\/h3>\n<p>8.1 A Szolg\u00e1ltat\u00f3 k\u00f6teles titokban tartani a Klientre vonatkoz\u00f3 minden t\u00e9nyt.<\/p>\n<p>8.2 A szem\u00e9lyes adatok feldolgoz\u00e1sa a GDPR-ral \u00e9s a hat\u00e1lyos jogszab\u00e1lyokkal \u00f6sszhangban t\u00f6rt\u00e9nik. A r\u00e9szletek a Szolg\u00e1ltat\u00f3 weboldal\u00e1n k\u00f6zz\u00e9tett adatv\u00e9delmi szab\u00e1lyzatban tal\u00e1lhat\u00f3k. <\/p>\n<h3>9. A szerz\u0151d\u00e9s id\u0151tartama \u00e9s felmond\u00e1sa<\/h3>\n<p>9.1 A szerz\u0151d\u00e9s hat\u00e1rozatlan id\u0151re sz\u00f3l, hacsak m\u00e1sk\u00e9nt nem \u00e1llapodnak meg.<\/p>\n<p>9.2 Az egy\u00fcttm\u0171k\u00f6d\u00e9s megsz\u00fcntet\u00e9se az \u00c1SZF megs\u00e9rt\u00e9s\u00e9t\u0151l elt\u00e9r\u0151 okb\u00f3l *csak az ad\u00f3z\u00e1si id\u0151szak v\u00e9g\u00e9n* lehets\u00e9ges, hacsak a felek m\u00e1sk\u00e9nt nem \u00e1llapodnak meg.<\/p>\n<p>9.3 A Szolg\u00e1ltat\u00f3 s\u00falyos vagy ism\u00e9telt Klient \u00e1ltali k\u00f6telezetts\u00e9gszeg\u00e9s, k\u00fcl\u00f6n\u00f6sen a fizet\u00e9si k\u00f6telezetts\u00e9gek nem teljes\u00edt\u00e9se vagy az egy\u00fcttm\u0171k\u00f6d\u00e9s hi\u00e1nya eset\u00e9n azonnali hat\u00e1llyal jogosult felmondani a szerz\u0151d\u00e9st.<\/p>\n<h3>10. Z\u00e1r\u00f3 rendelkez\u00e9sek<\/h3>\n<p>10.1 Jelen \u00c1SZF-re a Szlov\u00e1k K\u00f6zt\u00e1rsas\u00e1g jogrendje az ir\u00e1nyad\u00f3.<\/p>\n<p>10.2 A vit\u00e1s k\u00e9rd\u00e9seket els\u0151sorban egyezs\u00e9ggel rendezik, ennek hi\u00e1ny\u00e1ban az illet\u00e9kes szlov\u00e1k b\u00edr\u00f3s\u00e1g j\u00e1r el.<\/p>\n<p>10.3 A Szolg\u00e1ltat\u00f3 fenntartja a jogot jelen \u00c1SZF egyoldal\u00fa m\u00f3dos\u00edt\u00e1s\u00e1ra; az \u00faj sz\u00f6veg a weboldalon ker\u00fcl k\u00f6zz\u00e9t\u00e9telre.<\/p>\n<p>10.4 Jelen \u00c1SZF a k\u00f6zz\u00e9t\u00e9tel napj\u00e1n l\u00e9p hat\u00e1lyba.<\/p>\n<\/div><\/section>\n\n","protected":false},"excerpt":{"rendered":"","protected":false},"author":1,"featured_media":0,"parent":0,"menu_order":0,"comment_status":"closed","ping_status":"closed","template":"","meta":{"inline_featured_image":false,"footnotes":""},"class_list":["post-686","page","type-page","status-publish","hentry"],"yoast_head":"<!-- This site is optimized with the Yoast SEO plugin v26.7 - https:\/\/yoast.com\/wordpress\/plugins\/seo\/ -->\n<title>\u00c1ltal\u00e1nos Szerz\u0151d\u00e9si Felt\u00e9telek - PPai<\/title>\n<meta name=\"robots\" content=\"index, follow, max-snippet:-1, max-image-preview:large, max-video-preview:-1\" \/>\n<link rel=\"canonical\" href=\"https:\/\/www.ppai.sk\/hu\/altalanos-szerzodesi-feltetelek\" \/>\n<meta property=\"og:locale\" content=\"hu_HU\" \/>\n<meta property=\"og:type\" content=\"article\" \/>\n<meta property=\"og:title\" content=\"\u00c1ltal\u00e1nos Szerz\u0151d\u00e9si Felt\u00e9telek - PPai\" \/>\n<meta property=\"og:url\" content=\"https:\/\/www.ppai.sk\/hu\/altalanos-szerzodesi-feltetelek\" \/>\n<meta property=\"og:site_name\" content=\"PPai\" \/>\n<meta property=\"article:modified_time\" content=\"2026-02-07T14:23:22+00:00\" \/>\n<meta name=\"twitter:card\" content=\"summary_large_image\" \/>\n<meta name=\"twitter:label1\" content=\"Becs\u00fclt olvas\u00e1si id\u0151\" \/>\n\t<meta name=\"twitter:data1\" content=\"4 perc\" \/>\n<script type=\"application\/ld+json\" class=\"yoast-schema-graph\">{\"@context\":\"https:\/\/schema.org\",\"@graph\":[{\"@type\":\"WebPage\",\"@id\":\"https:\/\/www.ppai.sk\/hu\/altalanos-szerzodesi-feltetelek\",\"url\":\"https:\/\/www.ppai.sk\/hu\/altalanos-szerzodesi-feltetelek\",\"name\":\"\u00c1ltal\u00e1nos Szerz\u0151d\u00e9si Felt\u00e9telek - PPai\",\"isPartOf\":{\"@id\":\"https:\/\/www.ppai.sk\/hu#website\"},\"datePublished\":\"2026-02-05T08:57:00+00:00\",\"dateModified\":\"2026-02-07T14:23:22+00:00\",\"breadcrumb\":{\"@id\":\"https:\/\/www.ppai.sk\/hu\/altalanos-szerzodesi-feltetelek#breadcrumb\"},\"inLanguage\":\"hu\",\"potentialAction\":[{\"@type\":\"ReadAction\",\"target\":[\"https:\/\/www.ppai.sk\/hu\/altalanos-szerzodesi-feltetelek\"]}]},{\"@type\":\"BreadcrumbList\",\"@id\":\"https:\/\/www.ppai.sk\/hu\/altalanos-szerzodesi-feltetelek#breadcrumb\",\"itemListElement\":[{\"@type\":\"ListItem\",\"position\":1,\"name\":\"Domovsk\u00e1 str\u00e1nka\",\"item\":\"https:\/\/www.ppai.sk\/hu\/bevezeto\"},{\"@type\":\"ListItem\",\"position\":2,\"name\":\"\u00c1ltal\u00e1nos Szerz\u0151d\u00e9si Felt\u00e9telek\"}]},{\"@type\":\"WebSite\",\"@id\":\"https:\/\/www.ppai.sk\/hu#website\",\"url\":\"https:\/\/www.ppai.sk\/hu\",\"name\":\"PPai\",\"description\":\"\",\"potentialAction\":[{\"@type\":\"SearchAction\",\"target\":{\"@type\":\"EntryPoint\",\"urlTemplate\":\"https:\/\/www.ppai.sk\/hu?s={search_term_string}\"},\"query-input\":{\"@type\":\"PropertyValueSpecification\",\"valueRequired\":true,\"valueName\":\"search_term_string\"}}],\"inLanguage\":\"hu\"}]}<\/script>\n<!-- \/ Yoast SEO plugin. -->","yoast_head_json":{"title":"\u00c1ltal\u00e1nos Szerz\u0151d\u00e9si Felt\u00e9telek - PPai","robots":{"index":"index","follow":"follow","max-snippet":"max-snippet:-1","max-image-preview":"max-image-preview:large","max-video-preview":"max-video-preview:-1"},"canonical":"https:\/\/www.ppai.sk\/hu\/altalanos-szerzodesi-feltetelek","og_locale":"hu_HU","og_type":"article","og_title":"\u00c1ltal\u00e1nos Szerz\u0151d\u00e9si Felt\u00e9telek - PPai","og_url":"https:\/\/www.ppai.sk\/hu\/altalanos-szerzodesi-feltetelek","og_site_name":"PPai","article_modified_time":"2026-02-07T14:23:22+00:00","twitter_card":"summary_large_image","twitter_misc":{"Becs\u00fclt olvas\u00e1si id\u0151":"4 perc"},"schema":{"@context":"https:\/\/schema.org","@graph":[{"@type":"WebPage","@id":"https:\/\/www.ppai.sk\/hu\/altalanos-szerzodesi-feltetelek","url":"https:\/\/www.ppai.sk\/hu\/altalanos-szerzodesi-feltetelek","name":"\u00c1ltal\u00e1nos Szerz\u0151d\u00e9si Felt\u00e9telek - PPai","isPartOf":{"@id":"https:\/\/www.ppai.sk\/hu#website"},"datePublished":"2026-02-05T08:57:00+00:00","dateModified":"2026-02-07T14:23:22+00:00","breadcrumb":{"@id":"https:\/\/www.ppai.sk\/hu\/altalanos-szerzodesi-feltetelek#breadcrumb"},"inLanguage":"hu","potentialAction":[{"@type":"ReadAction","target":["https:\/\/www.ppai.sk\/hu\/altalanos-szerzodesi-feltetelek"]}]},{"@type":"BreadcrumbList","@id":"https:\/\/www.ppai.sk\/hu\/altalanos-szerzodesi-feltetelek#breadcrumb","itemListElement":[{"@type":"ListItem","position":1,"name":"Domovsk\u00e1 str\u00e1nka","item":"https:\/\/www.ppai.sk\/hu\/bevezeto"},{"@type":"ListItem","position":2,"name":"\u00c1ltal\u00e1nos Szerz\u0151d\u00e9si Felt\u00e9telek"}]},{"@type":"WebSite","@id":"https:\/\/www.ppai.sk\/hu#website","url":"https:\/\/www.ppai.sk\/hu","name":"PPai","description":"","potentialAction":[{"@type":"SearchAction","target":{"@type":"EntryPoint","urlTemplate":"https:\/\/www.ppai.sk\/hu?s={search_term_string}"},"query-input":{"@type":"PropertyValueSpecification","valueRequired":true,"valueName":"search_term_string"}}],"inLanguage":"hu"}]}},"_links":{"self":[{"href":"https:\/\/www.ppai.sk\/hu\/wp-json\/wp\/v2\/pages\/686","targetHints":{"allow":["GET"]}}],"collection":[{"href":"https:\/\/www.ppai.sk\/hu\/wp-json\/wp\/v2\/pages"}],"about":[{"href":"https:\/\/www.ppai.sk\/hu\/wp-json\/wp\/v2\/types\/page"}],"author":[{"embeddable":true,"href":"https:\/\/www.ppai.sk\/hu\/wp-json\/wp\/v2\/users\/1"}],"replies":[{"embeddable":true,"href":"https:\/\/www.ppai.sk\/hu\/wp-json\/wp\/v2\/comments?post=686"}],"version-history":[{"count":6,"href":"https:\/\/www.ppai.sk\/hu\/wp-json\/wp\/v2\/pages\/686\/revisions"}],"predecessor-version":[{"id":897,"href":"https:\/\/www.ppai.sk\/hu\/wp-json\/wp\/v2\/pages\/686\/revisions\/897"}],"wp:attachment":[{"href":"https:\/\/www.ppai.sk\/hu\/wp-json\/wp\/v2\/media?parent=686"}],"curies":[{"name":"wp","href":"https:\/\/api.w.org\/{rel}","templated":true}]}}